{"id":19407,"date":"2020-10-09T07:43:59","date_gmt":"2020-10-09T05:43:59","guid":{"rendered":"https:\/\/edukacio.com\/wszystkie-kursy\/"},"modified":"2025-11-20T12:39:26","modified_gmt":"2025-11-20T11:39:26","slug":"wszystkie-kursy","status":"publish","type":"page","link":"https:\/\/edukacio.com\/pl\/","title":{"rendered":"Wszystkie kursy"},"content":{"rendered":"\t\t<div data-elementor-type=\"wp-page\" data-elementor-id=\"19407\" class=\"elementor elementor-19407 elementor-13647\">\n\t\t\t\t<div class=\"elementor-element elementor-element-5c90476 e-flex e-con-boxed e-con e-parent\" data-id=\"5c90476\" data-element_type=\"container\" data-e-type=\"container\">\n\t\t\t\t\t<div class=\"e-con-inner\">\n\t\t\t\t<div class=\"elementor-element elementor-element-dc88604 elementor-widget elementor-widget-image\" data-id=\"dc88604\" data-element_type=\"widget\" data-e-type=\"widget\" data-widget_type=\"image.default\">\n\t\t\t\t<div class=\"elementor-widget-container\">\n\t\t\t\t\t\t\t\t\t\t\t\t\t\t\t<img fetchpriority=\"high\" decoding=\"async\" width=\"768\" height=\"483\" src=\"https:\/\/edukacio.com\/wp-content\/uploads\/2024\/08\/logos1-768x483.png\" class=\"attachment-medium_large size-medium_large wp-image-15609\" alt=\"\" srcset=\"https:\/\/edukacio.com\/wp-content\/uploads\/2024\/08\/logos1-768x483.png 768w, https:\/\/edukacio.com\/wp-content\/uploads\/2024\/08\/logos1-600x377.png 600w, https:\/\/edukacio.com\/wp-content\/uploads\/2024\/08\/logos1-300x189.png 300w, https:\/\/edukacio.com\/wp-content\/uploads\/2024\/08\/logos1-1024x644.png 1024w, https:\/\/edukacio.com\/wp-content\/uploads\/2024\/08\/logos1.png 1080w\" sizes=\"(max-width: 768px) 100vw, 768px\" \/>\t\t\t\t\t\t\t\t\t\t\t\t\t\t\t<\/div>\n\t\t\t\t<\/div>\n\t\t\t\t\t<\/div>\n\t\t\t\t<\/div>\n\t\t\t\t<section class=\"elementor-section elementor-top-section elementor-element elementor-element-629be00 elementor-section-content-middle elementor-reverse-mobile elementor-section-boxed elementor-section-height-default elementor-section-height-default\" data-id=\"629be00\" data-element_type=\"section\" data-e-type=\"section\" data-settings=\"{&quot;background_background&quot;:&quot;classic&quot;}\">\n\t\t\t\t\t\t<div class=\"elementor-container elementor-column-gap-default\">\n\t\t\t\t\t<div class=\"elementor-column elementor-col-100 elementor-top-column elementor-element elementor-element-d01187e\" data-id=\"d01187e\" data-element_type=\"column\" data-e-type=\"column\">\n\t\t\t<div class=\"elementor-widget-wrap elementor-element-populated\">\n\t\t\t\t\t\t<div class=\"elementor-element elementor-element-649575e elementor-widget elementor-widget-heading\" data-id=\"649575e\" data-element_type=\"widget\" data-e-type=\"widget\" data-widget_type=\"heading.default\">\n\t\t\t\t<div class=\"elementor-widget-container\">\n\t\t\t\t\t<h2 class=\"elementor-heading-title elementor-size-default\"> Wzmocnij swoje kompetencje dzi\u0119ki Erasmus+<\/h2>\t\t\t\t<\/div>\n\t\t\t\t<\/div>\n\t\t\t\t<div class=\"elementor-element elementor-element-0f89042 elementor-widget elementor-widget-text-editor\" data-id=\"0f89042\" data-element_type=\"widget\" data-e-type=\"widget\" data-widget_type=\"text-editor.default\">\n\t\t\t\t<div class=\"elementor-widget-container\">\n\t\t\t\t\t\t\t\t\t<p>Odkryj r\u00f3\u017cnorodne <strong>bezp\u0142atne kursy online<\/strong> zreazlizowane w ramach projektow partnerskich programu <strong>Erasmus+<\/strong>! Niezale\u017cnie od tego, czy jeste\u015b nauczycielem, studentem czy profesjonalist\u0105, nasze kursy maj\u0105 na celu wspieranie Twojego rozwoju i doskonalenie umiej\u0119tno\u015bci.<\/p><p>\ud83d\udcda <strong>Tematy obejmuj\u0105:<\/strong><br>\u2705 <strong>Korepetycje i mentoring<\/strong> &#8211; Poznaj skuteczne techniki wspierania uczni\u00f3w.<br>\u2705 <strong>Nauka j\u0119zyk\u00f3w obcych<\/strong> &#8211; Popraw swoje umiej\u0119tno\u015bci komunikacyjne w nowych j\u0119zykach.<br>\u2705 <strong>Integracyjne miejsca pracy<\/strong> &#8211; Strategie wspierania pracownik\u00f3w z zaburzeniami uczenia si\u0119.<br>\u2705 <strong>Grywalizacja w edukacji<\/strong> &#8211; Spraw, aby nauka by\u0142a anga\u017cuj\u0105ca i interaktywna.<\/p><p>Wszystkie kursy s\u0105 dost\u0119pne online, ca\u0142kowicie bezp\u0142atne i otwarte dla uczestnik\u00f3w z ca\u0142ej Europy. Zacznij ju\u017c dzi\u015b i poszerzaj swoj\u0105 wiedz\u0119 we w\u0142asnym tempie! <\/p><p><strong>Poznaj nasze kursy ju\u017c teraz!<\/strong><\/p>\t\t\t\t\t\t\t\t<\/div>\n\t\t\t\t<\/div>\n\t\t\t\t\t<\/div>\n\t\t<\/div>\n\t\t\t\t\t<\/div>\n\t\t<\/section>\n\t\t<div class=\"elementor-element elementor-element-b9b9462 e-flex e-con-boxed e-con e-parent\" data-id=\"b9b9462\" data-element_type=\"container\" data-e-type=\"container\">\n\t\t\t\t\t<div class=\"e-con-inner\">\n\t\t<div class=\"elementor-element elementor-element-f52c6d4 e-con-full e-flex e-con e-child\" data-id=\"f52c6d4\" data-element_type=\"container\" data-e-type=\"container\">\n\t\t<div class=\"elementor-element elementor-element-16f732f e-flex e-con-boxed e-con e-child\" data-id=\"16f732f\" data-element_type=\"container\" data-e-type=\"container\">\n\t\t\t\t\t<div class=\"e-con-inner\">\n\t\t\t\t<div class=\"elementor-element elementor-element-d029611 elementor-widget elementor-widget-etlms-course-list tutor-addon etlms-course-list\" data-id=\"d029611\" data-element_type=\"widget\" data-e-type=\"widget\" data-widget_type=\"etlms-course-list.default\">\n\t\t\t\t<div class=\"elementor-widget-container\">\n\t\t\t\t\t<div class=\"tutor-wrap tutor-courses-wrap tutor-container etlms-course-list-main-wrap\">\n\t\t\t\t\t<div class=\"etlms-course-list-loop-wrap tutor-course-list tutor-grid tutor-grid-4\">\n\t\t\t\t\t\t\t<div class=\"etlms-course-list-col\">\n\t\t\t\t\t<div class=\"tutor-card tutor-course-card tutor-loop-course-container etlms-course-card-classic   etlms-has-hover-animation\">\n            <div class=\"tutor-course-thumbnail\">\n        <a href=\"https:\/\/edukacio.com\/pl\/courses\/mediate-your-future\/\" class=\"tutor-d-block\">\n            <div class=\"tutor-ratio tutor-ratio-16x9\">\n                <img decoding=\"async\" class=\"tutor-card-image-top\" src=\"https:\/\/edukacio.com\/wp-content\/uploads\/2026\/04\/logo_COLOR_blue-2-768x348.png\" alt=\"Mediate your Future\" loading=\"lazy\">\n            <\/div>\n        <\/a>\n    <\/div>\n<div class=\"tutor-course-bookmark\">\n    <span class=\"cart-required-login save-bookmark-btn tutor-iconic-btn tutor-iconic-btn-secondary\" data-course-id=\"23338\" role=\"button\">\n            <i class=\"tutor-icon-bookmark-line\"><\/i>\n        <\/span><\/div>\n\n    <div class=\"tutor-card-body\">\n        <h3 class=\"tutor-course-name tutor-fs-5 tutor-fw-medium tutor-mb-12\" title=\"Mediate your Future\">\n    <a href=\"https:\/\/edukacio.com\/pl\/courses\/mediate-your-future\/\">Mediate your Future<\/a>\n<\/h3>\n    <\/div>\n\n    <div class=\"tutor-card-footer\">\n\t<div class=\"tutor-course-list-btn\"><a href=\"https:\/\/edukacio.com\/pl\/courses\/mediate-your-future\/\" class=\"tutor-btn tutor-btn-outline-primary tutor-btn-md tutor-btn-block tutor-open-login-modal\">Zapisz si\u0119 na kurs<\/a><\/div><\/div>\n<\/div>\t\t\t\t<\/div>\n\t\t\t\t\t\t\t<div class=\"etlms-course-list-col\">\n\t\t\t\t\t<div class=\"tutor-card tutor-course-card tutor-loop-course-container etlms-course-card-classic   etlms-has-hover-animation\">\n            <div class=\"tutor-course-thumbnail\">\n        <a href=\"https:\/\/edukacio.com\/pl\/courses\/gamification-of-digital-learning\/\" class=\"tutor-d-block\">\n            <div class=\"tutor-ratio tutor-ratio-16x9\">\n                <img decoding=\"async\" class=\"tutor-card-image-top\" src=\"https:\/\/edukacio.com\/wp-content\/uploads\/2023\/04\/Logos_GDL-2-768x432.png\" alt=\"Grywalizacja w nauczaniu cyfrowym\" loading=\"lazy\">\n            <\/div>\n        <\/a>\n    <\/div>\n<div class=\"tutor-course-bookmark\">\n    <span class=\"cart-required-login save-bookmark-btn tutor-iconic-btn tutor-iconic-btn-secondary\" data-course-id=\"5320\" role=\"button\">\n            <i class=\"tutor-icon-bookmark-line\"><\/i>\n        <\/span><\/div>\n\n    <div class=\"tutor-card-body\">\n        <h3 class=\"tutor-course-name tutor-fs-5 tutor-fw-medium tutor-mb-12\" title=\"Grywalizacja w nauczaniu cyfrowym\">\n    <a href=\"https:\/\/edukacio.com\/pl\/courses\/gamification-of-digital-learning\/\">Grywalizacja w nauczaniu cyfrowym<\/a>\n<\/h3>\n    <\/div>\n\n    <div class=\"tutor-card-footer\">\n\t<div class=\"tutor-course-list-btn\"><a href=\"https:\/\/edukacio.com\/pl\/courses\/gamification-of-digital-learning\/\" class=\"tutor-btn tutor-btn-outline-primary tutor-btn-md tutor-btn-block tutor-open-login-modal\">Zapisz si\u0119 na kurs<\/a><\/div><\/div>\n<\/div>\t\t\t\t<\/div>\n\t\t\t\t\t\t\t<div class=\"etlms-course-list-col\">\n\t\t\t\t\t<div class=\"tutor-card tutor-course-card tutor-loop-course-container etlms-course-card-classic   etlms-has-hover-animation\">\n            <div class=\"tutor-course-thumbnail\">\n        <a href=\"https:\/\/edukacio.com\/pl\/courses\/va-mooc_polish\/\" class=\"tutor-d-block\">\n            <div class=\"tutor-ratio tutor-ratio-16x9\">\n                <img decoding=\"async\" class=\"tutor-card-image-top\" src=\"https:\/\/edukacio.com\/wp-content\/uploads\/2023\/03\/PL-9-768x432.png\" alt=\"Wirtualny Asystent MOOC\" loading=\"lazy\">\n            <\/div>\n        <\/a>\n    <\/div>\n<div class=\"tutor-course-bookmark\">\n    <span class=\"cart-required-login save-bookmark-btn tutor-iconic-btn tutor-iconic-btn-secondary\" data-course-id=\"830\" role=\"button\">\n            <i class=\"tutor-icon-bookmark-line\"><\/i>\n        <\/span><\/div>\n\n    <div class=\"tutor-card-body\">\n        <h3 class=\"tutor-course-name tutor-fs-5 tutor-fw-medium tutor-mb-12\" title=\"Wirtualny Asystent MOOC\">\n    <a href=\"https:\/\/edukacio.com\/pl\/courses\/va-mooc_polish\/\">Wirtualny Asystent MOOC<\/a>\n<\/h3>\n    <\/div>\n\n    <div class=\"tutor-card-footer\">\n\t<div class=\"tutor-course-list-btn\"><a href=\"https:\/\/edukacio.com\/pl\/courses\/va-mooc_polish\/\" class=\"tutor-btn tutor-btn-outline-primary tutor-btn-md tutor-btn-block tutor-open-login-modal\">Zapisz si\u0119 na kurs<\/a><\/div><\/div>\n<\/div>\t\t\t\t<\/div>\n\t\t\t\t\t<\/div>\n\n\t\t\t\t\t\t\t<div class=\"etlms-course-list-pagination-wrap tutor-mt-32\">\n\t\t\t<div class=\"etlms-pagination prev-next\">\n\t\t\t\t\n\t\t\t\t\t\n\t\t\t\t\t\t<\/div>\n\t\t\t\t<\/div>\n<div class=\"tutor-modal tutor-login-modal\">\n\t<div class=\"tutor-modal-overlay\"><\/div>\n\t<div class=\"tutor-modal-window tutor-modal-window-sm\">\n\t\t<div class=\"tutor-modal-content tutor-modal-content-white\">\n\t\t\t<button class=\"tutor-iconic-btn tutor-modal-close-o\" data-tutor-modal-close>\n\t\t\t\t<span class=\"tutor-icon-times\" area-hidden=\"true\"><\/span>\n\t\t\t<\/button>\n\n\t\t\t<div class=\"tutor-modal-body\">\n\t\t\t\t<div class=\"tutor-py-48\">\n\t\t\t\t\t\t\t\t\t\t<div class=\"tutor-fs-4 tutor-fw-medium tutor-color-black tutor-mb-32\">Hej! Witaj z powrotem!<\/div>\n\t\t\t\t\t<form id=\"tutor-login-form\" method=\"post\">\n\t\t<input type=\"hidden\" id=\"_tutor_nonce\" name=\"_tutor_nonce\" value=\"85407d4668\" \/><input type=\"hidden\" name=\"_wp_http_referer\" value=\"\/pl\/wp-json\/wp\/v2\/pages\/19407\" \/>\t<input type=\"hidden\" name=\"tutor_action\" value=\"tutor_user_login\" \/>\n\t<input type=\"hidden\" name=\"redirect_to\" value=\"https:\/\/edukacio.com\/pl\/wp-json\/wp\/v2\/pages\/19407\" \/>\n\n\t<div class=\"tutor-mb-20\">\n\t\t<input type=\"text\" class=\"tutor-form-control\" placeholder=\"Nazwa u\u017cytkownika lub adres e-mail\" name=\"log\" value=\"\" size=\"20\" required\/>\n\t<\/div>\n\n\t<div class=\"tutor-mb-32\">\n\t\t<input type=\"password\" class=\"tutor-form-control\" placeholder=\"Has\u0142o\" name=\"pwd\" value=\"\" size=\"20\" required\/>\n\t<\/div>\n\n\t<div class=\"tutor-login-error\"><\/div>\n\t\t\t<input type=\"hidden\" name=\"timezone\" value=\"Europe\/Warsaw\" \/>\n\t\t<script>\n\t\t\tdocument.addEventListener('DOMContentLoaded', function() {\n\t\t\t\tconst timezone = document.querySelector('input[name=\"timezone\"]');\n\t\t\t\tif ( timezone) {\n\t\t\t\t\tconst tz = Intl.DateTimeFormat().resolvedOptions().timeZone;\n\t\t\t\t\ttimezone.value = tz\n\t\t\t\t}\n\t\t\t});\n\t\t<\/script>\n\t\t\t<div class=\"tutor-d-flex tutor-justify-between tutor-align-center tutor-mb-40\">\n\t\t<div class=\"tutor-form-check\">\n\t\t\t<input id=\"tutor-login-agmnt-1\" type=\"checkbox\" class=\"tutor-form-check-input tutor-bg-black-40\" name=\"rememberme\" value=\"forever\" \/>\n\t\t\t<label for=\"tutor-login-agmnt-1\" class=\"tutor-fs-7 tutor-color-muted\">\n\t\t\t\tNie wylogowuj mnie\t\t\t<\/label>\n\t\t<\/div>\n\t\t<a href=\"https:\/\/edukacio.com\/courses-account\/retrieve-password\" class=\"tutor-btn tutor-btn-ghost\">\n\t\t\tNie pami\u0119tasz has\u0142a?\t\t<\/a>\n\t<\/div>\n\n\t\t<button type=\"submit\" class=\"tutor-btn tutor-btn-primary tutor-btn-block\">\n\t\tDo\u0142\u0105cz\t<\/button>\n\t\n\t\t\t\t\t<div class=\"tutor-text-center tutor-fs-6 tutor-color-secondary tutor-mt-20\">\n\t\t\tNie masz jeszcze konta?&nbsp;\n\t\t\t<a href=\"https:\/\/edukacio.com\/student-registration\/?redirect_to=https:\/\/edukacio.com\/pl\/wp-json\/wp\/v2\/pages\/19407\" class=\"tutor-btn tutor-btn-link\">\n\t\t\t\tZarejestruj si\u0119\t\t\t<\/a>\n\t\t<\/div>\n\t\t<\/form>\n<script>\n\tdocument.addEventListener('DOMContentLoaded', function() {\n\t\tvar { __ } = wp.i18n;\n\t\tvar loginModal = document.querySelector('.tutor-modal.tutor-login-modal');\n\t\tvar errors = [];\n\t\tif (loginModal && errors.length) {\n\t\t\tloginModal.classList.add('tutor-is-active');\n\t\t}\n\t});\n<\/script>\n\n\t\t\t\t\t\t\t\t\t<\/div>\n\t\t\t\t\t\t\t<\/div>\n\t\t<\/div>\n\t<\/div>\n<\/div>\n\t\t\t\t<\/div>\n\t\t\t\t<\/div>\n\t\t\t\t\t<\/div>\n\t\t\t\t<\/div>\n\t\t\t\t<\/div>\n\t\t\t\t\t<\/div>\n\t\t\t\t<\/div>\n\t\t\t\t<\/div>\n\t\t","protected":false},"excerpt":{"rendered":"<p>Wzmocnij swoje kompetencje dzi\u0119ki Erasmus+ Odkryj r\u00f3\u017cnorodne bezp\u0142atne kursy online zreazlizowane w ramach projektow partnerskich programu Erasmus+! Niezale\u017cnie od tego, czy jeste\u015b nauczycielem, studentem czy profesjonalist\u0105, nasze kursy maj\u0105 na celu wspieranie Twojego rozwoju i doskonalenie umiej\u0119tno\u015bci. \ud83d\udcda Tematy obejmuj\u0105:\u2705 Korepetycje i mentoring &#8211; Poznaj skuteczne techniki wspierania uczni\u00f3w.\u2705 Nauka j\u0119zyk\u00f3w obcych &#8211; Popraw swoje [&hellip;]<\/p>\n","protected":false},"author":2,"featured_media":0,"parent":0,"menu_order":0,"comment_status":"closed","ping_status":"closed","template":"","meta":{"site-sidebar-layout":"no-sidebar","site-content-layout":"page-builder","ast-site-content-layout":"default","site-content-style":"default","site-sidebar-style":"default","ast-global-header-display":"","ast-banner-title-visibility":"","ast-main-header-display":"","ast-hfb-above-header-display":"","ast-hfb-below-header-display":"","ast-hfb-mobile-header-display":"","site-post-title":"disabled","ast-breadcrumbs-content":"","ast-featured-img":"disabled","footer-sml-layout":"","ast-disable-related-posts":"","theme-transparent-header-meta":"disabled","adv-header-id-meta":"","stick-header-meta":"","header-above-stick-meta":"","header-main-stick-meta":"","header-below-stick-meta":"","astra-migrate-meta-layouts":"default","ast-page-background-enabled":"default","ast-page-background-meta":{"desktop":{"background-color":"","background-image":"","background-repeat":"repeat","background-position":"center center","background-size":"auto","background-attachment":"scroll","background-type":"","background-media":"","overlay-type":"","overlay-color":"","overlay-opacity":"","overlay-gradient":""},"tablet":{"background-color":"","background-image":"","background-repeat":"repeat","background-position":"center center","background-size":"auto","background-attachment":"scroll","background-type":"","background-media":"","overlay-type":"","overlay-color":"","overlay-opacity":"","overlay-gradient":""},"mobile":{"background-color":"","background-image":"","background-repeat":"repeat","background-position":"center center","background-size":"auto","background-attachment":"scroll","background-type":"","background-media":"","overlay-type":"","overlay-color":"","overlay-opacity":"","overlay-gradient":""}},"ast-content-background-meta":{"desktop":{"background-color":"var(--ast-global-color-5)","background-image":"","background-repeat":"repeat","background-position":"center center","background-size":"auto","background-attachment":"scroll","background-type":"","background-media":"","overlay-type":"","overlay-color":"","overlay-opacity":"","overlay-gradient":""},"tablet":{"background-color":"var(--ast-global-color-5)","background-image":"","background-repeat":"repeat","background-position":"center center","background-size":"auto","background-attachment":"scroll","background-type":"","background-media":"","overlay-type":"","overlay-color":"","overlay-opacity":"","overlay-gradient":""},"mobile":{"background-color":"var(--ast-global-color-5)","background-image":"","background-repeat":"repeat","background-position":"center center","background-size":"auto","background-attachment":"scroll","background-type":"","background-media":"","overlay-type":"","overlay-color":"","overlay-opacity":"","overlay-gradient":""}},"footnotes":""},"class_list":["post-19407","page","type-page","status-publish","hentry"],"_links":{"self":[{"href":"https:\/\/edukacio.com\/pl\/wp-json\/wp\/v2\/pages\/19407","targetHints":{"allow":["GET"]}}],"collection":[{"href":"https:\/\/edukacio.com\/pl\/wp-json\/wp\/v2\/pages"}],"about":[{"href":"https:\/\/edukacio.com\/pl\/wp-json\/wp\/v2\/types\/page"}],"author":[{"embeddable":true,"href":"https:\/\/edukacio.com\/pl\/wp-json\/wp\/v2\/users\/2"}],"replies":[{"embeddable":true,"href":"https:\/\/edukacio.com\/pl\/wp-json\/wp\/v2\/comments?post=19407"}],"version-history":[{"count":2,"href":"https:\/\/edukacio.com\/pl\/wp-json\/wp\/v2\/pages\/19407\/revisions"}],"predecessor-version":[{"id":19999,"href":"https:\/\/edukacio.com\/pl\/wp-json\/wp\/v2\/pages\/19407\/revisions\/19999"}],"wp:attachment":[{"href":"https:\/\/edukacio.com\/pl\/wp-json\/wp\/v2\/media?parent=19407"}],"curies":[{"name":"wp","href":"https:\/\/api.w.org\/{rel}","templated":true}]}}