{"id":12,"date":"2023-01-31T09:49:32","date_gmt":"2023-01-31T08:49:32","guid":{"rendered":"https:\/\/logocourses.eu\/rejestracja-studenta\/"},"modified":"2023-02-01T19:44:41","modified_gmt":"2023-02-01T18:44:41","slug":"rejestracja-studenta","status":"publish","type":"page","link":"https:\/\/edukacio.com\/pl\/rejestracja-studenta\/","title":{"rendered":"Rejestracja studenta"},"content":{"rendered":"\n\n\t<div id=\"tutor-registration-wrap\">\n\n\t\t\n\t\t<form method=\"post\" enctype=\"multipart\/form-data\" id=\"tutor-registration-form\">\n\t\t\t<input type=\"hidden\" name=\"tutor_course_enroll_attempt\" value=\"\">\n\t\t\t\n\t\t\t<input type=\"hidden\" id=\"_tutor_nonce\" name=\"_tutor_nonce\" value=\"1ef6a53ad4\" \/><input type=\"hidden\" name=\"_wp_http_referer\" value=\"\/pl\/wp-json\/wp\/v2\/pages\/12\" \/>\t\t\t<input type=\"hidden\" value=\"tutor_register_student\" name=\"tutor_action\"\/>\n\n\t\t\t\n\t\t\t<div class=\"tutor-form-row\">\n\t\t\t\t<div class=\"tutor-form-col-6\">\n\t\t\t\t\t<div class=\"tutor-form-group\">\n\t\t\t\t\t\t<label>\n\t\t\t\t\t\t\tImi\u0119\t\t\t\t\t\t<\/label>\n\n\t\t\t\t\t\t<input type=\"text\" name=\"first_name\" value=\"\" placeholder=\"Imi\u0119\" required autocomplete=\"given-name\">\n\t\t\t\t\t<\/div>\n\t\t\t\t<\/div>\n\n\t\t\t\t<div class=\"tutor-form-col-6\">\n\t\t\t\t\t<div class=\"tutor-form-group\">\n\t\t\t\t\t\t<label>\n\t\t\t\t\t\t\tNazwisko\t\t\t\t\t\t<\/label>\n\n\t\t\t\t\t\t<input type=\"text\" name=\"last_name\" value=\"\" placeholder=\"Nazwisko\" required autocomplete=\"family-name\">\n\t\t\t\t\t<\/div>\n\t\t\t\t<\/div>\n\n\t\t\t<\/div>\n\n\t\t\t<div class=\"tutor-form-row\">\n\t\t\t\t<div class=\"tutor-form-col-6\">\n\t\t\t\t\t<div class=\"tutor-form-group\">\n\t\t\t\t\t\t<label>\n\t\t\t\t\t\t\tNazwa u\u017cytkownika\t\t\t\t\t\t<\/label>\n\n\t\t\t\t\t\t<input type=\"text\" name=\"user_login\" class=\"tutor_user_name\" value=\"\" placeholder=\"Nazwa u\u017cytkownika\" required autocomplete=\"username\">\n\t\t\t\t\t<\/div>\n\t\t\t\t<\/div>\n\n\t\t\t\t<div class=\"tutor-form-col-6\">\n\t\t\t\t\t<div class=\"tutor-form-group\">\n\t\t\t\t\t\t<label>\n\t\t\t\t\t\t\tAdres e-mail\t\t\t\t\t\t<\/label>\n\n\t\t\t\t\t\t<input type=\"text\" name=\"email\" value=\"\" placeholder=\"Adres e-mail\" required autocomplete=\"email\">\n\t\t\t\t\t<\/div>\n\t\t\t\t<\/div>\n\n\t\t\t<\/div>\n\n\t\t\t<div class=\"tutor-form-row\">\n\t\t\t\t<div class=\"tutor-form-col-6\">\n\t\t\t\t\t<div class=\"tutor-form-group\">\n\t\t\t\t\t\t<div class=\"tutor-password-strength-checker\">\n\t\t\t\t\t\t\t<div class=\"tutor-password-field\">\n\t\t\t\t\t\t\t\t<label>\n\t\t\t\t\t\t\t\t\tHas\u0142o\t\t\t\t\t\t\t\t<\/label>\n\n\t\t\t\t\t\t\t\t<input class=\"password-checker\" id=\"tutor-new-password\" type=\"password\" name=\"password\" value=\"\" placeholder=\"Has\u0142o\" required autocomplete=\"new-password\" style=\"margin-bottom: 0;\">\n\t\t\t\t\t\t\t\t<span class=\"show-hide-btn\"><\/span>\n\t\t\t\t\t\t\t<\/div>\n\n\t\t\t\t\t\t\t<div class=\"tutor-password-strength-hint\">\n\t\t\t\t\t\t\t\t<div class=\"indicator\">\n\t\t\t\t\t\t\t\t\t<span class=\"weak\"><\/span>\n\t\t\t\t\t\t\t\t\t<span class=\"medium\"><\/span>\n\t\t\t\t\t\t\t\t\t<span class=\"strong\"><\/span>\n\t\t\t\t\t\t\t\t<\/div>\n\t\t\t\t\t\t\t\t<div class=\"text tutor-fs-7 tutor-color-muted\"><\/div>\n\t\t\t\t\t\t\t<\/div>\n\t\t\t\t\t\t<\/div>\n\t\t\t\t\t<\/div>\n\t\t\t\t<\/div>\n\n\t\t\t\t<div class=\"tutor-form-col-6\">\n\t\t\t\t\t<div class=\"tutor-form-group\">\n\t\t\t\t\t\t<label>\n\t\t\t\t\t\t\tPotwierdzenie has\u0142a\t\t\t\t\t\t<\/label>\n\n\t\t\t\t\t\t<div class=\"tutor-form-wrap\">\n\t\t\t\t\t\t\t<span class=\"tutor-validation-icon tutor-icon-mark tutor-color-success tutor-form-icon tutor-form-icon-reverse\" style=\"display: none;\"><\/span>\n\t\t\t\t\t\t\t<input type=\"password\" name=\"password_confirmation\" value=\"\" placeholder=\"Potwierdzenie has\u0142a\" required autocomplete=\"new-password\" style=\"margin-bottom: 0;\">\n\t\t\t\t\t\t<\/div>\n\t\t\t\t\t<\/div>\n\t\t\t\t<\/div>\n\t\t\t<\/div>\n\n\n\t\t\t<div class=\"tutor-form-row\">\n\t\t\t\t<div class=\"tutor-form-col-12\">\n\t\t\t\t\t<div class=\"tutor-form-group\">\n\t\t\t\t\t\t\t\t\t\t<\/div>\n\t\t\t\t<\/div>\n\t\t\t<\/div>    \n\n\t\t\t\n\t\t\t\t\t\t\t\t\t\t<div class=\"tutor-mb-24\">\n\t\t\t\t\tRejestruj\u0105c si\u0119, zgadzam si\u0119 z regulaminem witryny <a target=\"_blank\" href=\"https:\/\/edukacio.com\/terms-of-use\/\" title=\"Regulamin i zasady\">Regulamin i zasady<\/a>\n\t\t\t\t<\/div>\n\t\t\t\n\t\t\t<div>\n\t\t\t\t<button type=\"submit\" name=\"tutor_register_student_btn\" value=\"register\" class=\"tutor-btn tutor-btn-primary tutor-btn-block\">Zarejestruj si\u0119<\/button>\n\t\t\t<\/div>\n\t\t\t\t\t\t\n\t\t<\/form>\n\t\t\t\t\n\t<\/div>\n\t\n","protected":false},"excerpt":{"rendered":"","protected":false},"author":1432,"featured_media":0,"parent":0,"menu_order":0,"comment_status":"closed","ping_status":"closed","template":"","meta":{"site-sidebar-layout":"default","site-content-layout":"","ast-site-content-layout":"default","site-content-style":"default","site-sidebar-style":"default","ast-global-header-display":"","ast-banner-title-visibility":"","ast-main-header-display":"","ast-hfb-above-header-display":"","ast-hfb-below-header-display":"","ast-hfb-mobile-header-display":"","site-post-title":"","ast-breadcrumbs-content":"","ast-featured-img":"","footer-sml-layout":"","ast-disable-related-posts":"","theme-transparent-header-meta":"","adv-header-id-meta":"","stick-header-meta":"","header-above-stick-meta":"","header-main-stick-meta":"","header-below-stick-meta":"","astra-migrate-meta-layouts":"default","ast-page-background-enabled":"default","ast-page-background-meta":{"desktop":{"background-color":"","background-image":"","background-repeat":"repeat","background-position":"center center","background-size":"auto","background-attachment":"scroll","background-type":"","background-media":"","overlay-type":"","overlay-color":"","overlay-opacity":"","overlay-gradient":""},"tablet":{"background-color":"","background-image":"","background-repeat":"repeat","background-position":"center center","background-size":"auto","background-attachment":"scroll","background-type":"","background-media":"","overlay-type":"","overlay-color":"","overlay-opacity":"","overlay-gradient":""},"mobile":{"background-color":"","background-image":"","background-repeat":"repeat","background-position":"center center","background-size":"auto","background-attachment":"scroll","background-type":"","background-media":"","overlay-type":"","overlay-color":"","overlay-opacity":"","overlay-gradient":""}},"ast-content-background-meta":{"desktop":{"background-color":"var(--ast-global-color-5)","background-image":"","background-repeat":"repeat","background-position":"center center","background-size":"auto","background-attachment":"scroll","background-type":"","background-media":"","overlay-type":"","overlay-color":"","overlay-opacity":"","overlay-gradient":""},"tablet":{"background-color":"var(--ast-global-color-5)","background-image":"","background-repeat":"repeat","background-position":"center center","background-size":"auto","background-attachment":"scroll","background-type":"","background-media":"","overlay-type":"","overlay-color":"","overlay-opacity":"","overlay-gradient":""},"mobile":{"background-color":"var(--ast-global-color-5)","background-image":"","background-repeat":"repeat","background-position":"center center","background-size":"auto","background-attachment":"scroll","background-type":"","background-media":"","overlay-type":"","overlay-color":"","overlay-opacity":"","overlay-gradient":""}},"footnotes":""},"class_list":["post-12","page","type-page","status-publish","hentry"],"_links":{"self":[{"href":"https:\/\/edukacio.com\/pl\/wp-json\/wp\/v2\/pages\/12","targetHints":{"allow":["GET"]}}],"collection":[{"href":"https:\/\/edukacio.com\/pl\/wp-json\/wp\/v2\/pages"}],"about":[{"href":"https:\/\/edukacio.com\/pl\/wp-json\/wp\/v2\/types\/page"}],"author":[{"embeddable":true,"href":"https:\/\/edukacio.com\/pl\/wp-json\/wp\/v2\/users\/1432"}],"replies":[{"embeddable":true,"href":"https:\/\/edukacio.com\/pl\/wp-json\/wp\/v2\/comments?post=12"}],"version-history":[{"count":1,"href":"https:\/\/edukacio.com\/pl\/wp-json\/wp\/v2\/pages\/12\/revisions"}],"predecessor-version":[{"id":15,"href":"https:\/\/edukacio.com\/pl\/wp-json\/wp\/v2\/pages\/12\/revisions\/15"}],"wp:attachment":[{"href":"https:\/\/edukacio.com\/pl\/wp-json\/wp\/v2\/media?parent=12"}],"curies":[{"name":"wp","href":"https:\/\/api.w.org\/{rel}","templated":true}]}}