{"id":19785,"date":"2020-10-09T02:41:05","date_gmt":"2020-10-09T00:41:05","guid":{"rendered":"https:\/\/edukacio.com\/sakums\/"},"modified":"2025-11-20T12:38:14","modified_gmt":"2025-11-20T11:38:14","slug":"sakums","status":"publish","type":"page","link":"https:\/\/edukacio.com\/lv\/sakums\/","title":{"rendered":"S\u0101kums"},"content":{"rendered":"\t\t<div data-elementor-type=\"wp-page\" data-elementor-id=\"19785\" class=\"elementor elementor-19785 elementor-10\">\n\t\t\t\t<div class=\"elementor-element elementor-element-0c57668 e-flex e-con-boxed e-con e-parent\" data-id=\"0c57668\" data-element_type=\"container\" data-e-type=\"container\" data-settings=\"{&quot;background_background&quot;:&quot;classic&quot;}\">\n\t\t\t\t\t<div class=\"e-con-inner\">\n\t\t<div class=\"elementor-element elementor-element-ea1d70f e-con-full e-flex e-con e-child\" data-id=\"ea1d70f\" data-element_type=\"container\" data-e-type=\"container\">\n\t\t\t\t<div class=\"elementor-element elementor-element-bde8ccb elementor-icon-list--layout-traditional elementor-list-item-link-full_width elementor-widget elementor-widget-icon-list\" data-id=\"bde8ccb\" data-element_type=\"widget\" data-e-type=\"widget\" data-widget_type=\"icon-list.default\">\n\t\t\t\t<div class=\"elementor-widget-container\">\n\t\t\t\t\t\t\t<ul class=\"elementor-icon-list-items\">\n\t\t\t\t\t\t\t<li class=\"elementor-icon-list-item\">\n\t\t\t\t\t\t\t\t\t\t\t<span class=\"elementor-icon-list-icon\">\n\t\t\t\t\t\t\t<i aria-hidden=\"true\" class=\"fas fa-circle\"><\/i>\t\t\t\t\t\t<\/span>\n\t\t\t\t\t\t\t\t\t\t<span class=\"elementor-icon-list-text\"><\/span>\n\t\t\t\t\t\t\t\t\t<\/li>\n\t\t\t\t\t\t<\/ul>\n\t\t\t\t\t\t<\/div>\n\t\t\t\t<\/div>\n\t\t\t\t<div class=\"elementor-element elementor-element-d7500da elementor-widget elementor-widget-heading\" data-id=\"d7500da\" data-element_type=\"widget\" data-e-type=\"widget\" data-widget_type=\"heading.default\">\n\t\t\t\t<div class=\"elementor-widget-container\">\n\t\t\t\t\t<h1 class=\"elementor-heading-title elementor-size-default\">Edukacio<\/h1>\t\t\t\t<\/div>\n\t\t\t\t<\/div>\n\t\t\t\t<div class=\"elementor-element elementor-element-cb7ecb0 elementor-widget elementor-widget-text-editor\" data-id=\"cb7ecb0\" data-element_type=\"widget\" data-e-type=\"widget\" data-widget_type=\"text-editor.default\">\n\t\t\t\t<div class=\"elementor-widget-container\">\n\t\t\t\t\t\t\t\t\t<p>M\u0113s nodro\u0161in\u0101m piek\u013cuvi pla\u0161am tie\u0161saistes kursu kl\u0101stam, kas veicina izaugsmi da\u017e\u0101d\u0101s jom\u0101s.<\/p>\t\t\t\t\t\t\t\t<\/div>\n\t\t\t\t<\/div>\n\t\t\t\t<\/div>\n\t\t<div class=\"elementor-element elementor-element-941eebf e-con-full e-flex e-con e-child\" data-id=\"941eebf\" data-element_type=\"container\" data-e-type=\"container\">\n\t\t\t\t<div class=\"elementor-element elementor-element-26a3fc3 elementor-widget elementor-widget-image\" data-id=\"26a3fc3\" data-element_type=\"widget\" data-e-type=\"widget\" data-widget_type=\"image.default\">\n\t\t\t\t<div class=\"elementor-widget-container\">\n\t\t\t\t\t\t\t\t\t\t\t\t\t\t\t<img fetchpriority=\"high\" decoding=\"async\" width=\"1024\" height=\"1024\" src=\"https:\/\/edukacio.com\/wp-content\/uploads\/2025\/11\/1-1024x1024.png\" class=\"attachment-large size-large wp-image-19808\" alt=\"\" srcset=\"https:\/\/edukacio.com\/wp-content\/uploads\/2025\/11\/1-1024x1024.png 1024w, https:\/\/edukacio.com\/wp-content\/uploads\/2025\/11\/1-300x300.png 300w, https:\/\/edukacio.com\/wp-content\/uploads\/2025\/11\/1-100x100.png 100w, https:\/\/edukacio.com\/wp-content\/uploads\/2025\/11\/1-600x600.png 600w, https:\/\/edukacio.com\/wp-content\/uploads\/2025\/11\/1-150x150.png 150w, https:\/\/edukacio.com\/wp-content\/uploads\/2025\/11\/1-768x768.png 768w, https:\/\/edukacio.com\/wp-content\/uploads\/2025\/11\/1.png 1080w\" sizes=\"(max-width: 1024px) 100vw, 1024px\" \/>\t\t\t\t\t\t\t\t\t\t\t\t\t\t\t<\/div>\n\t\t\t\t<\/div>\n\t\t\t\t<\/div>\n\t\t\t\t\t<\/div>\n\t\t\t\t<\/div>\n\t\t<div class=\"elementor-element elementor-element-6a7c409 e-flex e-con-boxed e-con e-parent\" data-id=\"6a7c409\" data-element_type=\"container\" data-e-type=\"container\">\n\t\t\t\t\t<div class=\"e-con-inner\">\n\t\t<div class=\"elementor-element elementor-element-193506e e-con-full e-flex e-con e-child\" data-id=\"193506e\" data-element_type=\"container\" data-e-type=\"container\">\n\t\t\t\t<div class=\"elementor-element elementor-element-0ee11ef elementor-widget elementor-widget-image\" data-id=\"0ee11ef\" data-element_type=\"widget\" data-e-type=\"widget\" data-widget_type=\"image.default\">\n\t\t\t\t<div class=\"elementor-widget-container\">\n\t\t\t\t\t\t\t\t\t\t\t\t\t\t\t<img decoding=\"async\" width=\"480\" height=\"600\" src=\"https:\/\/edukacio.com\/wp-content\/uploads\/2020\/10\/online-programming-course-featured-review-figure-img.png\" class=\"attachment-full size-full wp-image-19795\" alt=\"\" srcset=\"https:\/\/edukacio.com\/wp-content\/uploads\/2020\/10\/online-programming-course-featured-review-figure-img.png 480w, https:\/\/edukacio.com\/wp-content\/uploads\/2020\/10\/online-programming-course-featured-review-figure-img-240x300.png 240w\" sizes=\"(max-width: 480px) 100vw, 480px\" \/>\t\t\t\t\t\t\t\t\t\t\t\t\t\t\t<\/div>\n\t\t\t\t<\/div>\n\t\t\t\t<\/div>\n\t\t<div class=\"elementor-element elementor-element-14d00e0 e-con-full e-flex e-con e-child\" data-id=\"14d00e0\" data-element_type=\"container\" data-e-type=\"container\">\n\t\t\t\t<div class=\"elementor-element elementor-element-7c1218c elementor-widget elementor-widget-heading\" data-id=\"7c1218c\" data-element_type=\"widget\" data-e-type=\"widget\" data-widget_type=\"heading.default\">\n\t\t\t\t<div class=\"elementor-widget-container\">\n\t\t\t\t\t<h6 class=\"elementor-heading-title elementor-size-default\">Ko m\u016bsu laim\u012bgais students saka par Mooc4Tutors kursu<\/h6>\t\t\t\t<\/div>\n\t\t\t\t<\/div>\n\t\t\t\t<div class=\"elementor-element elementor-element-59a7946 elementor-widget elementor-widget-heading\" data-id=\"59a7946\" data-element_type=\"widget\" data-e-type=\"widget\" data-widget_type=\"heading.default\">\n\t\t\t\t<div class=\"elementor-widget-container\">\n\t\t\t\t\t<h5 class=\"elementor-heading-title elementor-size-default\">Manupr\u0101t, ikvienam, kas v\u0113las str\u0101d\u0101t izgl\u012bt\u012bbas nozar\u0113, vajadz\u0113tu apg\u016bt \u0161o kursu. \u013boti viegli sekot un lo\u0123iski. Noder\u012bga inform\u0101cija, un es var\u0113ju saist\u012bt ar savu iepriek\u0161\u0113jo darba pieredzi.  <\/h5>\t\t\t\t<\/div>\n\t\t\t\t<\/div>\n\t\t<div class=\"elementor-element elementor-element-eae0c79 e-con-full e-flex e-con e-child\" data-id=\"eae0c79\" data-element_type=\"container\" data-e-type=\"container\">\n\t\t<div class=\"elementor-element elementor-element-c690a4e e-con-full e-flex e-con e-child\" data-id=\"c690a4e\" data-element_type=\"container\" data-e-type=\"container\">\n\t\t\t\t<div class=\"elementor-element elementor-element-f6d149b elementor-widget elementor-widget-heading\" data-id=\"f6d149b\" data-element_type=\"widget\" data-e-type=\"widget\" data-widget_type=\"heading.default\">\n\t\t\t\t<div class=\"elementor-widget-container\">\n\t\t\t\t\t<h5 class=\"elementor-heading-title elementor-size-default\">Kl\u0113ra Dubo\u012b (Claire Dubois)<\/h5>\t\t\t\t<\/div>\n\t\t\t\t<\/div>\n\t\t\t\t<div class=\"elementor-element elementor-element-5d2b9ed elementor-widget elementor-widget-heading\" data-id=\"5d2b9ed\" data-element_type=\"widget\" data-e-type=\"widget\" data-widget_type=\"heading.default\">\n\t\t\t\t<div class=\"elementor-widget-container\">\n\t\t\t\t\t<div class=\"elementor-heading-title elementor-size-default\">Students<\/div>\t\t\t\t<\/div>\n\t\t\t\t<\/div>\n\t\t\t\t<\/div>\n\t\t\t\t<\/div>\n\t\t\t\t<\/div>\n\t\t\t\t\t<\/div>\n\t\t\t\t<\/div>\n\t\t\t\t<\/div>\n\t\t","protected":false},"excerpt":{"rendered":"<p>Edukacio M\u0113s nodro\u0161in\u0101m piek\u013cuvi pla\u0161am tie\u0161saistes kursu kl\u0101stam, kas veicina izaugsmi da\u017e\u0101d\u0101s jom\u0101s. Ko m\u016bsu laim\u012bgais students saka par Mooc4Tutors kursu Manupr\u0101t, ikvienam, kas v\u0113las str\u0101d\u0101t izgl\u012bt\u012bbas nozar\u0113, vajadz\u0113tu apg\u016bt \u0161o kursu. \u013boti viegli sekot un lo\u0123iski. Noder\u012bga inform\u0101cija, un es var\u0113ju saist\u012bt ar savu iepriek\u0161\u0113jo darba pieredzi. Kl\u0113ra Dubo\u012b (Claire Dubois) Students<\/p>\n","protected":false},"author":2,"featured_media":0,"parent":0,"menu_order":0,"comment_status":"closed","ping_status":"closed","template":"","meta":{"site-sidebar-layout":"no-sidebar","site-content-layout":"page-builder","ast-site-content-layout":"default","site-content-style":"default","site-sidebar-style":"default","ast-global-header-display":"","ast-banner-title-visibility":"","ast-main-header-display":"","ast-hfb-above-header-display":"","ast-hfb-below-header-display":"","ast-hfb-mobile-header-display":"","site-post-title":"disabled","ast-breadcrumbs-content":"","ast-featured-img":"disabled","footer-sml-layout":"","ast-disable-related-posts":"","theme-transparent-header-meta":"enabled","adv-header-id-meta":"","stick-header-meta":"","header-above-stick-meta":"","header-main-stick-meta":"","header-below-stick-meta":"","astra-migrate-meta-layouts":"default","ast-page-background-enabled":"default","ast-page-background-meta":{"desktop":{"background-color":"","background-image":"","background-repeat":"repeat","background-position":"center center","background-size":"auto","background-attachment":"scroll","background-type":"","background-media":"","overlay-type":"","overlay-color":"","overlay-opacity":"","overlay-gradient":""},"tablet":{"background-color":"","background-image":"","background-repeat":"repeat","background-position":"center center","background-size":"auto","background-attachment":"scroll","background-type":"","background-media":"","overlay-type":"","overlay-color":"","overlay-opacity":"","overlay-gradient":""},"mobile":{"background-color":"","background-image":"","background-repeat":"repeat","background-position":"center center","background-size":"auto","background-attachment":"scroll","background-type":"","background-media":"","overlay-type":"","overlay-color":"","overlay-opacity":"","overlay-gradient":""}},"ast-content-background-meta":{"desktop":{"background-color":"var(--ast-global-color-5)","background-image":"","background-repeat":"repeat","background-position":"center center","background-size":"auto","background-attachment":"scroll","background-type":"","background-media":"","overlay-type":"","overlay-color":"","overlay-opacity":"","overlay-gradient":""},"tablet":{"background-color":"var(--ast-global-color-5)","background-image":"","background-repeat":"repeat","background-position":"center center","background-size":"auto","background-attachment":"scroll","background-type":"","background-media":"","overlay-type":"","overlay-color":"","overlay-opacity":"","overlay-gradient":""},"mobile":{"background-color":"var(--ast-global-color-5)","background-image":"","background-repeat":"repeat","background-position":"center center","background-size":"auto","background-attachment":"scroll","background-type":"","background-media":"","overlay-type":"","overlay-color":"","overlay-opacity":"","overlay-gradient":""}},"footnotes":""},"class_list":["post-19785","page","type-page","status-publish","hentry"],"_links":{"self":[{"href":"https:\/\/edukacio.com\/lv\/wp-json\/wp\/v2\/pages\/19785","targetHints":{"allow":["GET"]}}],"collection":[{"href":"https:\/\/edukacio.com\/lv\/wp-json\/wp\/v2\/pages"}],"about":[{"href":"https:\/\/edukacio.com\/lv\/wp-json\/wp\/v2\/types\/page"}],"author":[{"embeddable":true,"href":"https:\/\/edukacio.com\/lv\/wp-json\/wp\/v2\/users\/2"}],"replies":[{"embeddable":true,"href":"https:\/\/edukacio.com\/lv\/wp-json\/wp\/v2\/comments?post=19785"}],"version-history":[{"count":1,"href":"https:\/\/edukacio.com\/lv\/wp-json\/wp\/v2\/pages\/19785\/revisions"}],"predecessor-version":[{"id":19809,"href":"https:\/\/edukacio.com\/lv\/wp-json\/wp\/v2\/pages\/19785\/revisions\/19809"}],"wp:attachment":[{"href":"https:\/\/edukacio.com\/lv\/wp-json\/wp\/v2\/media?parent=19785"}],"curies":[{"name":"wp","href":"https:\/\/api.w.org\/{rel}","templated":true}]}}