{"id":19351,"date":"2020-10-09T07:43:59","date_gmt":"2020-10-09T05:43:59","guid":{"rendered":"https:\/\/edukacio.com\/vsechny-kurzy\/"},"modified":"2025-11-20T12:36:03","modified_gmt":"2025-11-20T11:36:03","slug":"vsechny-kurzy","status":"publish","type":"page","link":"https:\/\/edukacio.com\/cs\/","title":{"rendered":"V\u0161echny kurzy"},"content":{"rendered":"\t\t<div data-elementor-type=\"wp-page\" data-elementor-id=\"19351\" class=\"elementor elementor-19351 elementor-13647\">\n\t\t\t\t<div class=\"elementor-element elementor-element-5c90476 e-flex e-con-boxed e-con e-parent\" data-id=\"5c90476\" data-element_type=\"container\" data-e-type=\"container\">\n\t\t\t\t\t<div class=\"e-con-inner\">\n\t\t\t\t<div class=\"elementor-element elementor-element-dc88604 elementor-widget elementor-widget-image\" data-id=\"dc88604\" data-element_type=\"widget\" data-e-type=\"widget\" data-widget_type=\"image.default\">\n\t\t\t\t<div class=\"elementor-widget-container\">\n\t\t\t\t\t\t\t\t\t\t\t\t\t\t\t<img fetchpriority=\"high\" decoding=\"async\" width=\"768\" height=\"483\" src=\"https:\/\/edukacio.com\/wp-content\/uploads\/2024\/08\/logos1-768x483.png\" class=\"attachment-medium_large size-medium_large wp-image-19350\" alt=\"\" srcset=\"https:\/\/edukacio.com\/wp-content\/uploads\/2024\/08\/logos1-768x483.png 768w, https:\/\/edukacio.com\/wp-content\/uploads\/2024\/08\/logos1-600x377.png 600w, https:\/\/edukacio.com\/wp-content\/uploads\/2024\/08\/logos1-300x189.png 300w, https:\/\/edukacio.com\/wp-content\/uploads\/2024\/08\/logos1-1024x644.png 1024w, https:\/\/edukacio.com\/wp-content\/uploads\/2024\/08\/logos1.png 1080w\" sizes=\"(max-width: 768px) 100vw, 768px\" \/>\t\t\t\t\t\t\t\t\t\t\t\t\t\t\t<\/div>\n\t\t\t\t<\/div>\n\t\t\t\t\t<\/div>\n\t\t\t\t<\/div>\n\t\t\t\t<section class=\"elementor-section elementor-top-section elementor-element elementor-element-629be00 elementor-section-content-middle elementor-reverse-mobile elementor-section-boxed elementor-section-height-default elementor-section-height-default\" data-id=\"629be00\" data-element_type=\"section\" data-e-type=\"section\" data-settings=\"{&quot;background_background&quot;:&quot;classic&quot;}\">\n\t\t\t\t\t\t<div class=\"elementor-container elementor-column-gap-default\">\n\t\t\t\t\t<div class=\"elementor-column elementor-col-100 elementor-top-column elementor-element elementor-element-d01187e\" data-id=\"d01187e\" data-element_type=\"column\" data-e-type=\"column\">\n\t\t\t<div class=\"elementor-widget-wrap elementor-element-populated\">\n\t\t\t\t\t\t<div class=\"elementor-element elementor-element-649575e elementor-widget elementor-widget-heading\" data-id=\"649575e\" data-element_type=\"widget\" data-e-type=\"widget\" data-widget_type=\"heading.default\">\n\t\t\t\t<div class=\"elementor-widget-container\">\n\t\t\t\t\t<h2 class=\"elementor-heading-title elementor-size-default\">  Roz\u0161i\u0159te sv\u00e9 mo\u017enosti vzd\u011bl\u00e1v\u00e1n\u00ed s programem Erasmus+<\/h2>\t\t\t\t<\/div>\n\t\t\t\t<\/div>\n\t\t\t\t<div class=\"elementor-element elementor-element-0f89042 elementor-widget elementor-widget-text-editor\" data-id=\"0f89042\" data-element_type=\"widget\" data-e-type=\"widget\" data-widget_type=\"text-editor.default\">\n\t\t\t\t<div class=\"elementor-widget-container\">\n\t\t\t\t\t\t\t\t\t<p>Objevte \u0159adu <strong>bezplatn\u00fdch online kurz\u016f<\/strong> financovan\u00fdch z programu <strong>Erasmus+<\/strong>! A\u0165 u\u017e jste pedagog, student nebo profesion\u00e1l, na\u0161e kurzy jsou navr\u017eeny tak, aby podpo\u0159ily v\u00e1\u0161 r\u016fst a zlep\u0161ily va\u0161e dovednosti.<\/p><p>\ud83d\udcda <strong>T\u00e9mata zahrnuj\u00ed:<\/strong><br>\u2705 <strong>Dou\u010dov\u00e1n\u00ed a mentoring<\/strong> &#8211; Nau\u010dte se efektivn\u00ed techniky podpory \u017e\u00e1k\u016f.<br>\u2705 <strong>Jazykov\u00e9 vzd\u011bl\u00e1v\u00e1n\u00ed<\/strong> &#8211; Zlep\u0161ete sv\u00e9 komunika\u010dn\u00ed dovednosti v nov\u00fdch jazyc\u00edch.<br>\u2705 <strong>Inkluzivn\u00ed pracovi\u0161t\u011b<\/strong> &#8211; Strategie podpory zam\u011bstnanc\u016f s poruchami u\u010den\u00ed.<br>\u2705 <strong>Gamifikace ve vzd\u011bl\u00e1v\u00e1n\u00ed<\/strong> &#8211; Ud\u011blejte u\u010den\u00ed poutav\u00fdm a interaktivn\u00edm.<\/p><p>V\u0161echny kurzy jsou p\u0159\u00edstupn\u00e9 online, zcela zdarma a mohou se jich \u00fa\u010dastnit studenti z cel\u00e9 Evropy. Za\u010dn\u011bte je\u0161t\u011b dnes a roz\u0161i\u0159te sv\u00e9 znalosti vlastn\u00edm tempem! <\/p><p>\ud83d\udc49 <strong>Prozkoumejte na\u0161e kurzy!<\/strong><\/p>\t\t\t\t\t\t\t\t<\/div>\n\t\t\t\t<\/div>\n\t\t\t\t\t<\/div>\n\t\t<\/div>\n\t\t\t\t\t<\/div>\n\t\t<\/section>\n\t\t<div class=\"elementor-element elementor-element-b9b9462 e-flex e-con-boxed e-con e-parent\" data-id=\"b9b9462\" data-element_type=\"container\" data-e-type=\"container\">\n\t\t\t\t\t<div class=\"e-con-inner\">\n\t\t<div class=\"elementor-element elementor-element-f52c6d4 e-con-full e-flex e-con e-child\" data-id=\"f52c6d4\" data-element_type=\"container\" data-e-type=\"container\">\n\t\t<div class=\"elementor-element elementor-element-16f732f e-flex e-con-boxed e-con e-child\" data-id=\"16f732f\" data-element_type=\"container\" data-e-type=\"container\">\n\t\t\t\t\t<div class=\"e-con-inner\">\n\t\t\t\t<div class=\"elementor-element elementor-element-d029611 elementor-widget elementor-widget-etlms-course-list tutor-addon etlms-course-list\" data-id=\"d029611\" data-element_type=\"widget\" data-e-type=\"widget\" data-widget_type=\"etlms-course-list.default\">\n\t\t\t\t<div class=\"elementor-widget-container\">\n\t\t\t\t\t<div class=\"tutor-wrap tutor-courses-wrap tutor-container etlms-course-list-main-wrap\">\n\t\t\t\t\t<div class=\"etlms-course-list-loop-wrap tutor-course-list tutor-grid tutor-grid-4\">\n\t\t\t\t\t\t\t<div class=\"etlms-course-list-col\">\n\t\t\t\t\t<div class=\"tutor-card tutor-course-card tutor-loop-course-container etlms-course-card-classic   etlms-has-hover-animation\">\n            <div class=\"tutor-course-thumbnail\">\n        <a href=\"https:\/\/edukacio.com\/cs\/courses\/videogames4good-cz\/\" class=\"tutor-d-block\">\n            <div class=\"tutor-ratio tutor-ratio-16x9\">\n                <img decoding=\"async\" class=\"tutor-card-image-top\" src=\"https:\/\/edukacio.com\/wp-content\/uploads\/2025\/10\/CZ-768x460.png\" alt=\"VideoGames4Good CZ\" loading=\"lazy\">\n            <\/div>\n        <\/a>\n    <\/div>\n<div class=\"tutor-course-bookmark\">\n    <span class=\"cart-required-login save-bookmark-btn tutor-iconic-btn tutor-iconic-btn-secondary\" data-course-id=\"18227\" role=\"button\">\n            <i class=\"tutor-icon-bookmark-line\"><\/i>\n        <\/span><\/div>\n\n    <div class=\"tutor-card-body\">\n        <h3 class=\"tutor-course-name tutor-fs-5 tutor-fw-medium tutor-mb-12\" title=\"VideoGames4Good CZ\">\n    <a href=\"https:\/\/edukacio.com\/cs\/courses\/videogames4good-cz\/\">VideoGames4Good CZ<\/a>\n<\/h3>\n    <\/div>\n\n    <div class=\"tutor-card-footer\">\n\t<div class=\"tutor-course-list-btn\"><a href=\"https:\/\/edukacio.com\/cs\/courses\/videogames4good-cz\/\" class=\"tutor-btn tutor-btn-outline-primary tutor-btn-md tutor-btn-block tutor-open-login-modal\">Zapsan\u00e9 kurzy<\/a><\/div><\/div>\n<\/div>\t\t\t\t<\/div>\n\t\t\t\t\t<\/div>\n\n\t\t\t\t\t\t\t<div class=\"etlms-course-list-pagination-wrap tutor-mt-32\">\n\t\t\t<div class=\"etlms-pagination prev-next\">\n\t\t\t\t\n\t\t\t\t\t\n\t\t\t\t\t\t<\/div>\n\t\t\t\t<\/div>\n<div class=\"tutor-modal tutor-login-modal\">\n\t<div class=\"tutor-modal-overlay\"><\/div>\n\t<div class=\"tutor-modal-window tutor-modal-window-sm\">\n\t\t<div class=\"tutor-modal-content tutor-modal-content-white\">\n\t\t\t<button class=\"tutor-iconic-btn tutor-modal-close-o\" data-tutor-modal-close>\n\t\t\t\t<span class=\"tutor-icon-times\" area-hidden=\"true\"><\/span>\n\t\t\t<\/button>\n\n\t\t\t<div class=\"tutor-modal-body\">\n\t\t\t\t<div class=\"tutor-py-48\">\n\t\t\t\t\t\t\t\t\t\t<div class=\"tutor-fs-4 tutor-fw-medium tutor-color-black tutor-mb-32\">Ahoj, v\u00edtej zp\u00e1tky!<\/div>\n\t\t\t\t\t<form id=\"tutor-login-form\" method=\"post\">\n\t\t<input type=\"hidden\" id=\"_tutor_nonce\" name=\"_tutor_nonce\" value=\"1ef6a53ad4\" \/><input type=\"hidden\" name=\"_wp_http_referer\" value=\"\/cs\/wp-json\/wp\/v2\/pages\/19351\" \/>\t<input type=\"hidden\" name=\"tutor_action\" value=\"tutor_user_login\" \/>\n\t<input type=\"hidden\" name=\"redirect_to\" value=\"https:\/\/edukacio.com\/cs\/wp-json\/wp\/v2\/pages\/19351\" \/>\n\n\t<div class=\"tutor-mb-20\">\n\t\t<input type=\"text\" class=\"tutor-form-control\" placeholder=\"U\u017eivatelsk\u00e9 jm\u00e9no nebo e-mail\" name=\"log\" value=\"\" size=\"20\" required\/>\n\t<\/div>\n\n\t<div class=\"tutor-mb-32\">\n\t\t<input type=\"password\" class=\"tutor-form-control\" placeholder=\"Heslo\" name=\"pwd\" value=\"\" size=\"20\" required\/>\n\t<\/div>\n\n\t<div class=\"tutor-login-error\"><\/div>\n\t\t\t<input type=\"hidden\" name=\"timezone\" value=\"Europe\/Warsaw\" \/>\n\t\t<script>\n\t\t\tdocument.addEventListener('DOMContentLoaded', function() {\n\t\t\t\tconst timezone = document.querySelector('input[name=\"timezone\"]');\n\t\t\t\tif ( timezone) {\n\t\t\t\t\tconst tz = Intl.DateTimeFormat().resolvedOptions().timeZone;\n\t\t\t\t\ttimezone.value = tz\n\t\t\t\t}\n\t\t\t});\n\t\t<\/script>\n\t\t\t<div class=\"tutor-d-flex tutor-justify-between tutor-align-center tutor-mb-40\">\n\t\t<div class=\"tutor-form-check\">\n\t\t\t<input id=\"tutor-login-agmnt-1\" type=\"checkbox\" class=\"tutor-form-check-input tutor-bg-black-40\" name=\"rememberme\" value=\"forever\" \/>\n\t\t\t<label for=\"tutor-login-agmnt-1\" class=\"tutor-fs-7 tutor-color-muted\">\n\t\t\t\tZapamatovat si p\u0159ihl\u00e1\u0161en\u00ed\t\t\t<\/label>\n\t\t<\/div>\n\t\t<a href=\"https:\/\/edukacio.com\/courses-account\/retrieve-password\" class=\"tutor-btn tutor-btn-ghost\">\n\t\t\tZapomenut\u00e9 heslo?\t\t<\/a>\n\t<\/div>\n\n\t\t<button type=\"submit\" class=\"tutor-btn tutor-btn-primary tutor-btn-block\">\n\t\tP\u0159ihl\u00e1sit se\t<\/button>\n\t\n\t\t\t\t\t<div class=\"tutor-text-center tutor-fs-6 tutor-color-secondary tutor-mt-20\">\n\t\t\tNem\u00e1te \u00fa\u010det?&nbsp;\n\t\t\t<a href=\"https:\/\/edukacio.com\/student-registration\/?redirect_to=https:\/\/edukacio.com\/cs\/wp-json\/wp\/v2\/pages\/19351\" class=\"tutor-btn tutor-btn-link\">\n\t\t\t\tZaregistrujte se\t\t\t<\/a>\n\t\t<\/div>\n\t\t<\/form>\n<script>\n\tdocument.addEventListener('DOMContentLoaded', function() {\n\t\tvar { __ } = wp.i18n;\n\t\tvar loginModal = document.querySelector('.tutor-modal.tutor-login-modal');\n\t\tvar errors = [];\n\t\tif (loginModal && errors.length) {\n\t\t\tloginModal.classList.add('tutor-is-active');\n\t\t}\n\t});\n<\/script>\n\n\t\t\t\t\t\t\t\t\t<\/div>\n\t\t\t\t\t\t\t<\/div>\n\t\t<\/div>\n\t<\/div>\n<\/div>\n\t\t\t\t<\/div>\n\t\t\t\t<\/div>\n\t\t\t\t\t<\/div>\n\t\t\t\t<\/div>\n\t\t\t\t<\/div>\n\t\t\t\t\t<\/div>\n\t\t\t\t<\/div>\n\t\t\t\t<\/div>\n\t\t","protected":false},"excerpt":{"rendered":"<p>Roz\u0161i\u0159te sv\u00e9 mo\u017enosti vzd\u011bl\u00e1v\u00e1n\u00ed s programem Erasmus+ Objevte \u0159adu bezplatn\u00fdch online kurz\u016f financovan\u00fdch z programu Erasmus+! A\u0165 u\u017e jste pedagog, student nebo profesion\u00e1l, na\u0161e kurzy jsou navr\u017eeny tak, aby podpo\u0159ily v\u00e1\u0161 r\u016fst a zlep\u0161ily va\u0161e dovednosti. \ud83d\udcda T\u00e9mata zahrnuj\u00ed:\u2705 Dou\u010dov\u00e1n\u00ed a mentoring &#8211; Nau\u010dte se efektivn\u00ed techniky podpory \u017e\u00e1k\u016f.\u2705 Jazykov\u00e9 vzd\u011bl\u00e1v\u00e1n\u00ed &#8211; Zlep\u0161ete sv\u00e9 komunika\u010dn\u00ed [&hellip;]<\/p>\n","protected":false},"author":2,"featured_media":0,"parent":0,"menu_order":0,"comment_status":"closed","ping_status":"closed","template":"","meta":{"site-sidebar-layout":"no-sidebar","site-content-layout":"page-builder","ast-site-content-layout":"default","site-content-style":"default","site-sidebar-style":"default","ast-global-header-display":"","ast-banner-title-visibility":"","ast-main-header-display":"","ast-hfb-above-header-display":"","ast-hfb-below-header-display":"","ast-hfb-mobile-header-display":"","site-post-title":"disabled","ast-breadcrumbs-content":"","ast-featured-img":"disabled","footer-sml-layout":"","ast-disable-related-posts":"","theme-transparent-header-meta":"disabled","adv-header-id-meta":"","stick-header-meta":"","header-above-stick-meta":"","header-main-stick-meta":"","header-below-stick-meta":"","astra-migrate-meta-layouts":"default","ast-page-background-enabled":"default","ast-page-background-meta":{"desktop":{"background-color":"","background-image":"","background-repeat":"repeat","background-position":"center center","background-size":"auto","background-attachment":"scroll","background-type":"","background-media":"","overlay-type":"","overlay-color":"","overlay-opacity":"","overlay-gradient":""},"tablet":{"background-color":"","background-image":"","background-repeat":"repeat","background-position":"center center","background-size":"auto","background-attachment":"scroll","background-type":"","background-media":"","overlay-type":"","overlay-color":"","overlay-opacity":"","overlay-gradient":""},"mobile":{"background-color":"","background-image":"","background-repeat":"repeat","background-position":"center center","background-size":"auto","background-attachment":"scroll","background-type":"","background-media":"","overlay-type":"","overlay-color":"","overlay-opacity":"","overlay-gradient":""}},"ast-content-background-meta":{"desktop":{"background-color":"var(--ast-global-color-5)","background-image":"","background-repeat":"repeat","background-position":"center center","background-size":"auto","background-attachment":"scroll","background-type":"","background-media":"","overlay-type":"","overlay-color":"","overlay-opacity":"","overlay-gradient":""},"tablet":{"background-color":"var(--ast-global-color-5)","background-image":"","background-repeat":"repeat","background-position":"center center","background-size":"auto","background-attachment":"scroll","background-type":"","background-media":"","overlay-type":"","overlay-color":"","overlay-opacity":"","overlay-gradient":""},"mobile":{"background-color":"var(--ast-global-color-5)","background-image":"","background-repeat":"repeat","background-position":"center center","background-size":"auto","background-attachment":"scroll","background-type":"","background-media":"","overlay-type":"","overlay-color":"","overlay-opacity":"","overlay-gradient":""}},"footnotes":""},"class_list":["post-19351","page","type-page","status-publish","hentry"],"_links":{"self":[{"href":"https:\/\/edukacio.com\/cs\/wp-json\/wp\/v2\/pages\/19351","targetHints":{"allow":["GET"]}}],"collection":[{"href":"https:\/\/edukacio.com\/cs\/wp-json\/wp\/v2\/pages"}],"about":[{"href":"https:\/\/edukacio.com\/cs\/wp-json\/wp\/v2\/types\/page"}],"author":[{"embeddable":true,"href":"https:\/\/edukacio.com\/cs\/wp-json\/wp\/v2\/users\/2"}],"replies":[{"embeddable":true,"href":"https:\/\/edukacio.com\/cs\/wp-json\/wp\/v2\/comments?post=19351"}],"version-history":[{"count":2,"href":"https:\/\/edukacio.com\/cs\/wp-json\/wp\/v2\/pages\/19351\/revisions"}],"predecessor-version":[{"id":19537,"href":"https:\/\/edukacio.com\/cs\/wp-json\/wp\/v2\/pages\/19351\/revisions\/19537"}],"wp:attachment":[{"href":"https:\/\/edukacio.com\/cs\/wp-json\/wp\/v2\/media?parent=19351"}],"curies":[{"name":"wp","href":"https:\/\/api.w.org\/{rel}","templated":true}]}}